{"id":515,"date":"2021-02-08T09:39:04","date_gmt":"2021-02-08T09:39:04","guid":{"rendered":"https:\/\/gdsolutions.fr\/?page_id=515"},"modified":"2022-05-20T12:14:57","modified_gmt":"2022-05-20T12:14:57","slug":"formations","status":"publish","type":"page","link":"https:\/\/gdsolutions.fr\/index.php\/formations\/","title":{"rendered":"Formations"},"content":{"rendered":"<div id=\"overlapable-1\" class=\"stripped-about-four-boxes-section\" style=\"background-color: #ffffff;\" data-label=\"Overlapable\" data-id=\"stripped-about-four-boxes-section\" data-category=\"overlapable\" data-overlap=\"true\">\n<div class=\"gridContainer\">\n<div class=\"about-four-boxes-innerrow flexbox-list\">\n<div class=\"about-four-boxes-imgcol\" style=\"background-image: url('https:\/\/gdsolutions.fr\/wp-content\/uploads\/2021\/02\/gds-formation.png');\" data-bg=\"image\"><\/div>\n<div class=\"about-four-boxes-textcol\" data-type=\"column\">\n<h2 class=\"\">Des formations adapt\u00e9es<\/h2>\n<p class=\"\">Organisme de formation pour les entreprises agr\u00e9\u00e9 ADHOC, GD SOLUTIONS vous propose des formations sur la th\u00e9matique de la communication, du marketing et de l&rsquo;Internet. Jusqu&rsquo;\u00e0 100% pris en charge par votre CPF<\/p>\n<\/div>\n<div class=\"about-four-boxes-textcol\" data-type=\"column\">\n<h2 class=\"\">Un accompagnement personnalis\u00e9.<\/h2>\n<p class=\"\">Nous proposons des formations WordPress pour g\u00e9rer votre site Internet \u00e0 volont\u00e9 et en toute autonomie. Vous aurez tous les dispositifs d&rsquo;aide au r\u00e9f\u00e9rencement naturel avec notre formation Webmarketing.<\/p>\n<\/div>\n<div class=\"about-four-boxes-imgcol2\" style=\"background-image: url('https:\/\/gdsolutions.fr\/wp-content\/uploads\/2021\/02\/gds-formations-wordpress.png');\" data-bg=\"image\"><\/div>\n<\/div>\n<\/div>\n<\/div>\n<div id=\"cta-1\" class=\"cta-centered-bg-section white-text\" style=\"background-color: #f6f6f6;\" data-label=\"Cta\" data-id=\"cta-centered-bg-section\" data-category=\"cta\" data-parallax-depth=\"20\">\n<div class=\"gridContainer\">\n<div class=\"cta-centered-bg-section-row\">\n<div class=\"cta-centered-bg-section-row-2\">\n<div class=\"cta-centered-bg-section-col dynamic-color\" data-type=\"column\">\n<h3 class=\"cta-centered-bg-section-title\"><span class=\"cta-centered-bg-section-title-bold\">Besoin de vous former ?<\/span><\/h3>\n<p>Appelez-nous au 06 98 86 95 71<\/p>\n<\/div>\n<\/div>\n<\/div>\n<\/div>\n<\/div>\n","protected":false},"excerpt":{"rendered":"<p>Des formations adapt\u00e9es Organisme de formation pour les entreprises agr\u00e9\u00e9 ADHOC, GD SOLUTIONS vous propose des formations sur la th\u00e9matique de la communication, du marketing et de l&rsquo;Internet. Jusqu&rsquo;\u00e0 100% pris en charge par votre CPF Un accompagnement personnalis\u00e9. Nous proposons des formations WordPress pour g\u00e9rer votre site Internet \u00e0 volont\u00e9 et en toute autonomie. [&hellip;]<\/p>\n","protected":false},"author":1,"featured_media":0,"parent":0,"menu_order":0,"comment_status":"closed","ping_status":"closed","template":"","meta":{"_et_pb_use_builder":"","_et_pb_old_content":"","_et_gb_content_width":"","footnotes":""},"class_list":["post-515","page","type-page","status-publish","hentry"],"yoast_head":"<!-- This site is optimized with the Yoast SEO plugin v26.8 - https:\/\/yoast.com\/product\/yoast-seo-wordpress\/ -->\n<title>Formations - Agence de communication 360\u00b0 - Sites Web - Design - Prestations Drone - Photos et vid\u00e9os - GD Solutions<\/title>\n<meta name=\"robots\" content=\"index, follow, max-snippet:-1, max-image-preview:large, max-video-preview:-1\" \/>\n<link rel=\"canonical\" href=\"https:\/\/gdsolutions.fr\/index.php\/formations\/\" \/>\n<meta property=\"og:locale\" content=\"fr_FR\" \/>\n<meta property=\"og:type\" content=\"article\" \/>\n<meta property=\"og:title\" content=\"Formations - Agence de communication 360\u00b0 - Sites Web - Design - Prestations Drone - Photos et vid\u00e9os - GD Solutions\" \/>\n<meta property=\"og:description\" content=\"Des formations adapt\u00e9es Organisme de formation pour les entreprises agr\u00e9\u00e9 ADHOC, GD SOLUTIONS vous propose des formations sur la th\u00e9matique de la communication, du marketing et de l&rsquo;Internet. Jusqu&rsquo;\u00e0 100% pris en charge par votre CPF Un accompagnement personnalis\u00e9. Nous proposons des formations WordPress pour g\u00e9rer votre site Internet \u00e0 volont\u00e9 et en toute autonomie. [&hellip;]\" \/>\n<meta property=\"og:url\" content=\"https:\/\/gdsolutions.fr\/index.php\/formations\/\" \/>\n<meta property=\"og:site_name\" content=\"Agence de communication 360\u00b0 - Sites Web - Design - Prestations Drone - Photos et vid\u00e9os - GD Solutions\" \/>\n<meta property=\"article:modified_time\" content=\"2022-05-20T12:14:57+00:00\" \/>\n<meta name=\"twitter:card\" content=\"summary_large_image\" \/>\n<meta name=\"twitter:label1\" content=\"Dur\u00e9e de lecture estim\u00e9e\" \/>\n\t<meta name=\"twitter:data1\" content=\"1 minute\" \/>\n<script type=\"application\/ld+json\" class=\"yoast-schema-graph\">{\"@context\":\"https:\/\/schema.org\",\"@graph\":[{\"@type\":\"WebPage\",\"@id\":\"https:\/\/gdsolutions.fr\/index.php\/formations\/\",\"url\":\"https:\/\/gdsolutions.fr\/index.php\/formations\/\",\"name\":\"Formations - Agence de communication 360\u00b0 - Sites Web - Design - Prestations Drone - Photos et vid\u00e9os - GD Solutions\",\"isPartOf\":{\"@id\":\"https:\/\/gdsolutions.fr\/#website\"},\"datePublished\":\"2021-02-08T09:39:04+00:00\",\"dateModified\":\"2022-05-20T12:14:57+00:00\",\"breadcrumb\":{\"@id\":\"https:\/\/gdsolutions.fr\/index.php\/formations\/#breadcrumb\"},\"inLanguage\":\"fr-FR\",\"potentialAction\":[{\"@type\":\"ReadAction\",\"target\":[\"https:\/\/gdsolutions.fr\/index.php\/formations\/\"]}]},{\"@type\":\"BreadcrumbList\",\"@id\":\"https:\/\/gdsolutions.fr\/index.php\/formations\/#breadcrumb\",\"itemListElement\":[{\"@type\":\"ListItem\",\"position\":1,\"name\":\"Home\",\"item\":\"https:\/\/gdsolutions.fr\/\"},{\"@type\":\"ListItem\",\"position\":2,\"name\":\"Formations\"}]},{\"@type\":\"WebSite\",\"@id\":\"https:\/\/gdsolutions.fr\/#website\",\"url\":\"https:\/\/gdsolutions.fr\/\",\"name\":\"Agence de communication 360\u00b0 - Sites Web - Design - Prestations Drone - Photos et vid\u00e9os - GD Solutions\",\"description\":\"Agence de communication\",\"potentialAction\":[{\"@type\":\"SearchAction\",\"target\":{\"@type\":\"EntryPoint\",\"urlTemplate\":\"https:\/\/gdsolutions.fr\/?s={search_term_string}\"},\"query-input\":{\"@type\":\"PropertyValueSpecification\",\"valueRequired\":true,\"valueName\":\"search_term_string\"}}],\"inLanguage\":\"fr-FR\"}]}<\/script>\n<!-- \/ Yoast SEO plugin. -->","yoast_head_json":{"title":"Formations - Agence de communication 360\u00b0 - Sites Web - Design - Prestations Drone - Photos et vid\u00e9os - GD Solutions","robots":{"index":"index","follow":"follow","max-snippet":"max-snippet:-1","max-image-preview":"max-image-preview:large","max-video-preview":"max-video-preview:-1"},"canonical":"https:\/\/gdsolutions.fr\/index.php\/formations\/","og_locale":"fr_FR","og_type":"article","og_title":"Formations - Agence de communication 360\u00b0 - Sites Web - Design - Prestations Drone - Photos et vid\u00e9os - GD Solutions","og_description":"Des formations adapt\u00e9es Organisme de formation pour les entreprises agr\u00e9\u00e9 ADHOC, GD SOLUTIONS vous propose des formations sur la th\u00e9matique de la communication, du marketing et de l&rsquo;Internet. Jusqu&rsquo;\u00e0 100% pris en charge par votre CPF Un accompagnement personnalis\u00e9. Nous proposons des formations WordPress pour g\u00e9rer votre site Internet \u00e0 volont\u00e9 et en toute autonomie. [&hellip;]","og_url":"https:\/\/gdsolutions.fr\/index.php\/formations\/","og_site_name":"Agence de communication 360\u00b0 - Sites Web - Design - Prestations Drone - Photos et vid\u00e9os - GD Solutions","article_modified_time":"2022-05-20T12:14:57+00:00","twitter_card":"summary_large_image","twitter_misc":{"Dur\u00e9e de lecture estim\u00e9e":"1 minute"},"schema":{"@context":"https:\/\/schema.org","@graph":[{"@type":"WebPage","@id":"https:\/\/gdsolutions.fr\/index.php\/formations\/","url":"https:\/\/gdsolutions.fr\/index.php\/formations\/","name":"Formations - Agence de communication 360\u00b0 - Sites Web - Design - Prestations Drone - Photos et vid\u00e9os - GD Solutions","isPartOf":{"@id":"https:\/\/gdsolutions.fr\/#website"},"datePublished":"2021-02-08T09:39:04+00:00","dateModified":"2022-05-20T12:14:57+00:00","breadcrumb":{"@id":"https:\/\/gdsolutions.fr\/index.php\/formations\/#breadcrumb"},"inLanguage":"fr-FR","potentialAction":[{"@type":"ReadAction","target":["https:\/\/gdsolutions.fr\/index.php\/formations\/"]}]},{"@type":"BreadcrumbList","@id":"https:\/\/gdsolutions.fr\/index.php\/formations\/#breadcrumb","itemListElement":[{"@type":"ListItem","position":1,"name":"Home","item":"https:\/\/gdsolutions.fr\/"},{"@type":"ListItem","position":2,"name":"Formations"}]},{"@type":"WebSite","@id":"https:\/\/gdsolutions.fr\/#website","url":"https:\/\/gdsolutions.fr\/","name":"Agence de communication 360\u00b0 - Sites Web - Design - Prestations Drone - Photos et vid\u00e9os - GD Solutions","description":"Agence de communication","potentialAction":[{"@type":"SearchAction","target":{"@type":"EntryPoint","urlTemplate":"https:\/\/gdsolutions.fr\/?s={search_term_string}"},"query-input":{"@type":"PropertyValueSpecification","valueRequired":true,"valueName":"search_term_string"}}],"inLanguage":"fr-FR"}]}},"_links":{"self":[{"href":"https:\/\/gdsolutions.fr\/index.php\/wp-json\/wp\/v2\/pages\/515","targetHints":{"allow":["GET"]}}],"collection":[{"href":"https:\/\/gdsolutions.fr\/index.php\/wp-json\/wp\/v2\/pages"}],"about":[{"href":"https:\/\/gdsolutions.fr\/index.php\/wp-json\/wp\/v2\/types\/page"}],"author":[{"embeddable":true,"href":"https:\/\/gdsolutions.fr\/index.php\/wp-json\/wp\/v2\/users\/1"}],"replies":[{"embeddable":true,"href":"https:\/\/gdsolutions.fr\/index.php\/wp-json\/wp\/v2\/comments?post=515"}],"version-history":[{"count":5,"href":"https:\/\/gdsolutions.fr\/index.php\/wp-json\/wp\/v2\/pages\/515\/revisions"}],"predecessor-version":[{"id":692,"href":"https:\/\/gdsolutions.fr\/index.php\/wp-json\/wp\/v2\/pages\/515\/revisions\/692"}],"wp:attachment":[{"href":"https:\/\/gdsolutions.fr\/index.php\/wp-json\/wp\/v2\/media?parent=515"}],"curies":[{"name":"wp","href":"https:\/\/api.w.org\/{rel}","templated":true}]}}